{"id":3981,"date":"2025-01-14T18:15:20","date_gmt":"2025-01-14T17:15:20","guid":{"rendered":"https:\/\/p-sz6c07.project.space\/competenze\/"},"modified":"2025-08-27T14:19:40","modified_gmt":"2025-08-27T12:19:40","slug":"competenze","status":"publish","type":"page","link":"https:\/\/www.compet-team.com\/it\/competenze\/","title":{"rendered":"LE NOSTRE COMPETENZE"},"content":{"rendered":"\n<div class=\"wp-block-harington-gutenberg-container content-row light-section full row_padding_left row_padding_right change-header-color\" data-bgcolor=\"#eeeeee\" style=\"text-align:left\">\n<figure class=\"has-parallax has-scale-vertical \"><img decoding=\"async\" src=\"https:\/\/www.compet-team.com\/wp-content\/uploads\/2025\/01\/Leistungen-generalunternehmen.jpg\" alt=\"\"><div class=\"parallax-image-content content-max-width text-align-center\"><div class=\"outer\"><div class=\"inner\"><h1 class=\"has-mask\"><\/h1><\/div><\/div><\/div><\/figure>\n<\/div>\n\n<div class=\"wp-block-harington-gutenberg-container content-row light-section full row_padding_top row_padding_left row_padding_right\" data-bgcolor=\"#eeeeee\" style=\"text-align:left\">\n<div class=\"wp-block-columns is-layout-flex wp-container-core-columns-is-layout-9d6595d7 wp-block-columns-is-layout-flex\">\n<div class=\"wp-block-column is-layout-flow wp-block-column-is-layout-flow\"><\/div>\n<\/div>\n\n\n\n<h2 class=\"wp-block-heading has-text-align-center\">Attribuiamo grande importanza a un metodo di lavoro strutturato e trasparente, per realizzare i vostri progetti edilizi in modo efficiente e con successo.<\/h2>\n\n\n\n<p class=\"has-text-align-center\"><\/p>\n\n\n\n<p><\/p>\n<\/div>\n\n<div class=\"wp-block-harington-gutenberg-container content-row light-section full row_padding_bottom row_padding_left row_padding_right\" data-bgcolor=\"#eeeeee\" style=\"text-align:left\">\n<div class=\"wp-block-columns is-layout-flex wp-container-core-columns-is-layout-9d6595d7 wp-block-columns-is-layout-flex\">\n<div class=\"wp-block-column has-mask is-layout-flow wp-block-column-is-layout-flow\" style=\"flex-basis:66.66%\">\n<h5 class=\"wp-block-heading\"><\/h5>\n<\/div>\n<\/div>\n\n\n\n<hr\/><hr\/>\n\n\n\n<div class=\"wp-block-columns is-layout-flex wp-container-core-columns-is-layout-9d6595d7 wp-block-columns-is-layout-flex\">\n<div class=\"wp-block-column is-layout-flow wp-block-column-is-layout-flow\" style=\"flex-basis:33.33%\">\n<h4 class=\"wp-block-heading has-mask no-margins\">COME SI PROSPETTA LA COLLABORAZIONE CON UN GENERAL CONTRACTOR?<\/h4>\n<\/div>\n\n\n\n<div class=\"wp-block-column is-layout-flow wp-block-column-is-layout-flow\">\n<dl class=\"wp-block-harington-gutenberg-accordion accordion small-acc\">\n<dt><span class=\"link\">CONSULENZA E PROGETTAZIONE <\/span><div class=\"acc-icon-wrap parallax-wrap\"><div class=\"acc-button-icon parallax-element\"><i class=\"fa fa-arrow-right\"><\/i><\/div><\/div><\/dt><dd class=\"accordion-content\">Alla partenza di ogni progetto ci prendiamo tutto il tempo che serve per capire richieste e aspettative. In un confronto diretto ne esaminiamo i dettagli, mettendo a punto una soluzione ad hoc. Studiata sulle tue esigenze.  <\/dd>\n\n\n\n<dt><span class=\"link\">DIREZIONE PROGETTO <\/span><div class=\"acc-icon-wrap parallax-wrap\"><div class=\"acc-button-icon parallax-element\"><i class=\"fa fa-arrow-right\"><\/i><\/div><\/div><\/dt><dd class=\"accordion-content\">Una volta definite le linee, tocca ai nostri project manager mettere a frutto l\u2019esperienza, maturata sul campo, assumendosi la responsabilit\u00e0 dell\u2019intero coordinamento delle opere. Figure di riferimento per clienti e professionisti, assicurano un avanzamento senza intoppi dei lavori e il rispetto delle tempistiche stabilite. Comunicando con franchezza e chiarezza tengono costantemente aggiornati sull\u2019andamento degli interventi in corso.   <\/dd>\n\n\n\n<dt><span class=\"link\">SELEZIONE PROFESSIONISTI <\/span><div class=\"acc-icon-wrap parallax-wrap\"><div class=\"acc-button-icon parallax-element\"><i class=\"fa fa-arrow-right\"><\/i><\/div><\/div><\/dt><dd class=\"accordion-content\">Rapporti consolidati con imprese e subfornitori, validi e affidabili, ci consentono di individuare di volta in volta il professionista pi\u00f9 indicato di cui avvalerci per il progetto. Puntando su qualit\u00e0 e affidabilit\u00e0, riusciamo a garantirti i migliori risultati.  <\/dd>\n\n\n\n<dt><span class=\"link\">ATTUAZIONE <\/span><div class=\"acc-icon-wrap parallax-wrap\"><div class=\"acc-button-icon parallax-element\"><i class=\"fa fa-arrow-right\"><\/i><\/div><\/div><\/dt><dd class=\"accordion-content\">Il nostro staff di addetti altamente qualificati ci consente di garantire i massimi standard di esecuzione. Verifiche e controlli continui dell\u2019andamento lavori ci permettono di rispettare i tempi e gli obiettivi concordati.  <\/dd>\n\n\n\n<dt><span class=\"link\">CONSEGNA E ASSISTENZA CLIENTI <\/span><div class=\"acc-icon-wrap parallax-wrap\"><div class=\"acc-button-icon parallax-element\"><i class=\"fa fa-arrow-right\"><\/i><\/div><\/div><\/dt><dd class=\"accordion-content\">Ultimati i lavori, arriva il momento della consegna. Accurata, integrata da informazioni dettagliate e completata dalla disponibilit\u00e0 a rispondere alle domande, anche successivamente alla conclusione del progetto.  <\/dd>\n<\/dl>\n<\/div>\n<\/div>\n<\/div>\n\n<div class=\"wp-block-harington-gutenberg-container content-row light-section full\" data-bgcolor=\"#eeeeee\" style=\"text-align:left\">\n<div id=\"itemsWrapperLinks\"><div id=\"itemsWrapper\" class=\"no-fitthumbs fx-one\"><!-- Portfolio Wrap --><div class=\"portfolio-wrap flex-grid thumb-no-ajax content-full-width fade-scaleout-effect\"><!-- Portfolio Columns --><div class=\"portfolio portfolio-shortcode\"><div class=\"item trigger-item competenze change-header\" data-color=\"#000000\"><div class=\"item-parallax\"><div class=\"item-appear\"><div class=\"item-content\"><a class=\"item-wrap ajax-link-project\" data-type=\"page-transition\" href=\"https:\/\/www.compet-team.com\/it\/kompetenzen-projekte\/alberghi-appartamenti-e-residences\/\"><\/a><div class=\"item-wrap-image\"><img decoding=\"async\" src=\"https:\/\/www.compet-team.com\/wp-content\/uploads\/2022\/12\/1-1.jpg\" class=\"item-image grid__item-img trigger-item-link\" alt=\"\"><\/div><img decoding=\"async\" class=\"grid__item-img grid__item-img--large\" src=\"https:\/\/www.compet-team.com\/wp-content\/uploads\/2022\/12\/1-1.jpg\" alt=\"\" \/><\/div><\/div><div class=\"item-caption-wrapper\"><div class=\"item-caption\"><div class=\"item-title\"><span>STRUTTURE RICETTIVE<\/span><\/div><div class=\"item-cat\"><span data-hover=\"Scopri il progetto\">COMPETENZE<\/span><\/div><\/div><\/div><\/div><\/div><div class=\"item trigger-item competenze change-header\" data-color=\"#000000\"><div class=\"item-parallax\"><div class=\"item-appear\"><div class=\"item-content\"><a class=\"item-wrap ajax-link-project\" data-type=\"page-transition\" href=\"https:\/\/www.compet-team.com\/it\/kompetenzen-projekte\/residenze-esclusive\/\"><\/a><div class=\"item-wrap-image\"><img decoding=\"async\" src=\"https:\/\/www.compet-team.com\/wp-content\/uploads\/2025\/01\/1.jpg\" class=\"item-image grid__item-img trigger-item-link\" alt=\"\"><\/div><img decoding=\"async\" class=\"grid__item-img grid__item-img--large\" src=\"https:\/\/www.compet-team.com\/wp-content\/uploads\/2025\/01\/1.jpg\" alt=\"\" \/><\/div><\/div><div class=\"item-caption-wrapper\"><div class=\"item-caption\"><div class=\"item-title\"><span>RESIDENZE ESCLUSIVE<\/span><\/div><div class=\"item-cat\"><span data-hover=\"Scopri il progetto\">COMPETENZE<\/span><\/div><\/div><\/div><\/div><\/div><div class=\"item trigger-item competenze change-header\" data-color=\"#000000\"><div class=\"item-parallax\"><div class=\"item-appear\"><div class=\"item-content\"><a class=\"item-wrap ajax-link-project\" data-type=\"page-transition\" href=\"https:\/\/www.compet-team.com\/it\/kompetenzen-projekte\/uffici-e-ambienti-di-lavoro\/\"><\/a><div class=\"item-wrap-image\"><img decoding=\"async\" src=\"https:\/\/www.compet-team.com\/wp-content\/uploads\/2025\/01\/1-britwall-cufmilano-gallery1.jpg\" class=\"item-image grid__item-img trigger-item-link\" alt=\"\"><\/div><img decoding=\"async\" class=\"grid__item-img grid__item-img--large\" src=\"https:\/\/www.compet-team.com\/wp-content\/uploads\/2025\/01\/1-britwall-cufmilano-gallery1.jpg\" alt=\"\" \/><\/div><\/div><div class=\"item-caption-wrapper\"><div class=\"item-caption\"><div class=\"item-title\"><span>UFFICI E AMBIENTI DI LAVORO<\/span><\/div><div class=\"item-cat\"><span data-hover=\"Scopri il progetto\">COMPETENZE<\/span><\/div><\/div><\/div><\/div><\/div><div class=\"item trigger-item competenze change-header\" data-color=\"#000000\"><div class=\"item-parallax\"><div class=\"item-appear\"><div class=\"item-content\"><a class=\"item-wrap ajax-link-project\" data-type=\"page-transition\" href=\"https:\/\/www.compet-team.com\/it\/kompetenzen-projekte\/negozi-ed-esercizi-commerciali\/\"><\/a><div class=\"item-wrap-image\"><img decoding=\"async\" src=\"https:\/\/www.compet-team.com\/wp-content\/uploads\/2025\/01\/sport-mode-gluderer-01-scaled.jpg\" class=\"item-image grid__item-img trigger-item-link\" alt=\"\"><\/div><img decoding=\"async\" class=\"grid__item-img grid__item-img--large\" src=\"https:\/\/www.compet-team.com\/wp-content\/uploads\/2025\/01\/sport-mode-gluderer-01-scaled.jpg\" alt=\"\" \/><\/div><\/div><div class=\"item-caption-wrapper\"><div class=\"item-caption\"><div class=\"item-title\"><span>NEGOZI ED ESERCIZI COMMERCIALI<\/span><\/div><div class=\"item-cat\"><span data-hover=\"Scopri il progetto\">COMPETENZE<\/span><\/div><\/div><\/div><\/div><\/div><\/div><!--\/Portfolio Columns--><\/div><!--\/Portfolio Wrap--><\/div><\/div>\n<\/div>\n\n<div class=\"wp-block-harington-gutenberg-container content-row light-section full row_padding_top row_padding_bottom row_padding_left row_padding_right\" data-bgcolor=\"#eeeeee\" style=\"text-align:left\">\n<hr\/>\n\n\n\n<h1 class=\"wp-block-heading has-text-align-center\">CHE PROGETTO HAI IN MENTE?<\/h1>\n\n\n\n<h4 class=\"wp-block-heading has-text-align-center\">SCOPRI LE NOSTRE SOLUZIONI<\/h4>\n\n\n\n<p class=\"has-text-align-center\"><\/p>\n\n\n\n<div class=\"wp-block-columns alignfull is-layout-flex wp-container-core-columns-is-layout-9d6595d7 wp-block-columns-is-layout-flex\">\n<div class=\"wp-block-column text-center is-layout-flow wp-block-column-is-layout-flow\" style=\"flex-basis:100%\">\n<div class=\"button-box button-zentriert\"><div class=\"clapat-button-wrap parallax-wrap hide-ball\"><div class=\"clapat-button parallax-element\"><div class=\"button-border parallax-element-second rounded  button-zentriert\"><a class=\" ajax-link animation-link\" href=\"https:\/\/www.compet-team.com\/projekte\/\" data-type=\"page-transition\" target=\"_self\"><span data-hover=\"Scopri i nostri progetti\">Scopri i nostri progetti<\/span><\/a><\/div><\/div><\/div><\/div>\n<\/div>\n<\/div>\n<\/div>\n\n<div class=\"wp-block-harington-gutenberg-container content-row dark-section normal row_padding_top row_padding_bottom change-header-color\" data-bgcolor=\"#171717\" style=\"text-align:left\">\n<p><\/p>\n\n\n\n<p><\/p>\n\n\n\n<h2 class=\"wp-block-heading has-text-align-center\">partnership<\/h2>\n\n\n\n<h5 class=\"wp-block-heading has-text-align-center\">Sfruttare le sinergie e mettere in comune le competenze per i progetti dei nostri clienti<br\/><br\/><\/h5>\n\n\n\n<ul class=\"wp-block-harington-gutenberg-clients clients-table no-borders\" data-delay=\"0\">\n<li class=\"link\"><img decoding=\"async\" src=\"https:\/\/p-sz6c07.project.space\/wp-content\/uploads\/2025\/01\/confidi.png\" alt=\"client image\" \/><\/li>\n\n\n\n<li class=\"link\"><img decoding=\"async\" src=\"https:\/\/p-sz6c07.project.space\/wp-content\/uploads\/2025\/01\/hogast.png\" alt=\"client image\" \/><\/li>\n\n\n\n<li class=\"link\"><img decoding=\"async\" src=\"https:\/\/p-sz6c07.project.space\/wp-content\/uploads\/2025\/01\/cuf.png\" alt=\"client image\" \/><\/li>\n\n\n\n<li class=\"link\"><img decoding=\"async\" src=\"https:\/\/p-sz6c07.project.space\/wp-content\/uploads\/2025\/01\/coop.png\" alt=\"client image\" \/><\/li>\n\n\n\n<li class=\"link\"><img decoding=\"async\" src=\"https:\/\/p-sz6c07.project.space\/wp-content\/uploads\/2025\/01\/cto-projetcs.png\" alt=\"client image\" \/><\/li>\n<\/ul>\n<\/div>\n\n<p><\/p>\n\n<div class=\"wp-block-harington-gutenberg-container content-row light-section normal row_padding_top\" data-bgcolor=\"#eeeeee\" style=\"text-align:left\">\n<p><\/p>\n\n\n\n<div class=\"marquee-text-wrapper \"><h1 class=\"marquee-text big-title bw\">STRUTTURE RICETTIVE RESIDENZE ESCLUSIVE UFFICI E AMBIENTI DI LAVORO NEGOZI ED ESERCIZI COMMERCIALI<\/h1><\/div>\n<\/div>\n\n<p><\/p>\n","protected":false},"excerpt":{"rendered":"","protected":false},"author":1,"featured_media":0,"parent":0,"menu_order":0,"comment_status":"closed","ping_status":"closed","template":"","meta":{"footnotes":""},"class_list":["post-3981","page","type-page","status-publish","hentry"],"yoast_head":"<!-- This site is optimized with the Yoast SEO plugin v25.8 - https:\/\/yoast.com\/wordpress\/plugins\/seo\/ -->\n<title>LE NOSTRE COMPETENZE - Compet-Team GmbH Compet-Team | Generalunternehmer aus S\u00fcdtirol<\/title>\n<meta name=\"description\" content=\"Compet-Team GmbH mit Sitz in Plaus, S\u00fcdtirol: Generalunternehmer f\u00fcr Planung und Bau schl\u00fcsselfertiger Projekte in Tourismus, B\u00fcro, Gesch\u00e4ft und Privat. Pers\u00f6nlich &amp; zuverl\u00e4ssig.\" \/>\n<meta name=\"robots\" content=\"index, follow, max-snippet:-1, max-image-preview:large, max-video-preview:-1\" \/>\n<link rel=\"canonical\" href=\"https:\/\/www.compet-team.com\/it\/competenze\/\" \/>\n<meta property=\"og:locale\" content=\"it_IT\" \/>\n<meta property=\"og:type\" content=\"article\" \/>\n<meta property=\"og:title\" content=\"LE NOSTRE COMPETENZE - Compet-Team GmbH Compet-Team | Generalunternehmer aus S\u00fcdtirol\" \/>\n<meta property=\"og:description\" content=\"Compet-Team GmbH mit Sitz in Plaus, S\u00fcdtirol: Generalunternehmer f\u00fcr Planung und Bau schl\u00fcsselfertiger Projekte in Tourismus, B\u00fcro, Gesch\u00e4ft und Privat. Pers\u00f6nlich &amp; zuverl\u00e4ssig.\" \/>\n<meta property=\"og:url\" content=\"https:\/\/www.compet-team.com\/it\/competenze\/\" \/>\n<meta property=\"og:site_name\" content=\"Compet-Team GmbH\" \/>\n<meta property=\"article:publisher\" content=\"https:\/\/www.facebook.com\/competteam\" \/>\n<meta property=\"article:modified_time\" content=\"2025-08-27T12:19:40+00:00\" \/>\n<meta name=\"twitter:card\" content=\"summary_large_image\" \/>\n<meta name=\"twitter:label1\" content=\"Tempo di lettura stimato\" \/>\n\t<meta name=\"twitter:data1\" content=\"2 minuti\" \/>\n<script type=\"application\/ld+json\" class=\"yoast-schema-graph\">{\"@context\":\"https:\/\/schema.org\",\"@graph\":[{\"@type\":\"WebPage\",\"@id\":\"https:\/\/www.compet-team.com\/it\/competenze\/\",\"url\":\"https:\/\/www.compet-team.com\/it\/competenze\/\",\"name\":\"LE NOSTRE COMPETENZE - Compet-Team GmbH Compet-Team | Generalunternehmer aus S\u00fcdtirol\",\"isPartOf\":{\"@id\":\"https:\/\/www.compet-team.com\/it\/#website\"},\"datePublished\":\"2025-01-14T17:15:20+00:00\",\"dateModified\":\"2025-08-27T12:19:40+00:00\",\"description\":\"Compet-Team GmbH mit Sitz in Plaus, S\u00fcdtirol: Generalunternehmer f\u00fcr Planung und Bau schl\u00fcsselfertiger Projekte in Tourismus, B\u00fcro, Gesch\u00e4ft und Privat. Pers\u00f6nlich & zuverl\u00e4ssig.\",\"breadcrumb\":{\"@id\":\"https:\/\/www.compet-team.com\/it\/competenze\/#breadcrumb\"},\"inLanguage\":\"it-IT\",\"potentialAction\":[{\"@type\":\"ReadAction\",\"target\":[\"https:\/\/www.compet-team.com\/it\/competenze\/\"]}]},{\"@type\":\"BreadcrumbList\",\"@id\":\"https:\/\/www.compet-team.com\/it\/competenze\/#breadcrumb\",\"itemListElement\":[{\"@type\":\"ListItem\",\"position\":1,\"name\":\"Startseite\",\"item\":\"https:\/\/www.compet-team.com\/it\/homepage\/\"},{\"@type\":\"ListItem\",\"position\":2,\"name\":\"LE NOSTRE COMPETENZE\"}]},{\"@type\":\"WebSite\",\"@id\":\"https:\/\/www.compet-team.com\/it\/#website\",\"url\":\"https:\/\/www.compet-team.com\/it\/\",\"name\":\"Compet-Team GmbH\",\"description\":\"\",\"publisher\":{\"@id\":\"https:\/\/www.compet-team.com\/it\/#organization\"},\"potentialAction\":[{\"@type\":\"SearchAction\",\"target\":{\"@type\":\"EntryPoint\",\"urlTemplate\":\"https:\/\/www.compet-team.com\/it\/?s={search_term_string}\"},\"query-input\":{\"@type\":\"PropertyValueSpecification\",\"valueRequired\":true,\"valueName\":\"search_term_string\"}}],\"inLanguage\":\"it-IT\"},{\"@type\":\"Organization\",\"@id\":\"https:\/\/www.compet-team.com\/it\/#organization\",\"name\":\"Compet-Team GmbH\",\"alternateName\":\"Compet-Team\",\"url\":\"https:\/\/www.compet-team.com\/it\/\",\"logo\":{\"@type\":\"ImageObject\",\"inLanguage\":\"it-IT\",\"@id\":\"https:\/\/www.compet-team.com\/it\/#\/schema\/logo\/image\/\",\"url\":\"https:\/\/www.compet-team.com\/wp-content\/uploads\/2025\/01\/compet-team.png\",\"contentUrl\":\"https:\/\/www.compet-team.com\/wp-content\/uploads\/2025\/01\/compet-team.png\",\"width\":728,\"height\":285,\"caption\":\"Compet-Team GmbH\"},\"image\":{\"@id\":\"https:\/\/www.compet-team.com\/it\/#\/schema\/logo\/image\/\"},\"sameAs\":[\"https:\/\/www.facebook.com\/competteam\",\"https:\/\/www.instagram.com\/compet.team\/\",\"https:\/\/it.linkedin.com\/company\/competteam\"]}]}<\/script>\n<!-- \/ Yoast SEO plugin. -->","yoast_head_json":{"title":"LE NOSTRE COMPETENZE - Compet-Team GmbH Compet-Team | Generalunternehmer aus S\u00fcdtirol","description":"Compet-Team GmbH mit Sitz in Plaus, S\u00fcdtirol: Generalunternehmer f\u00fcr Planung und Bau schl\u00fcsselfertiger Projekte in Tourismus, B\u00fcro, Gesch\u00e4ft und Privat. Pers\u00f6nlich & zuverl\u00e4ssig.","robots":{"index":"index","follow":"follow","max-snippet":"max-snippet:-1","max-image-preview":"max-image-preview:large","max-video-preview":"max-video-preview:-1"},"canonical":"https:\/\/www.compet-team.com\/it\/competenze\/","og_locale":"it_IT","og_type":"article","og_title":"LE NOSTRE COMPETENZE - Compet-Team GmbH Compet-Team | Generalunternehmer aus S\u00fcdtirol","og_description":"Compet-Team GmbH mit Sitz in Plaus, S\u00fcdtirol: Generalunternehmer f\u00fcr Planung und Bau schl\u00fcsselfertiger Projekte in Tourismus, B\u00fcro, Gesch\u00e4ft und Privat. Pers\u00f6nlich & zuverl\u00e4ssig.","og_url":"https:\/\/www.compet-team.com\/it\/competenze\/","og_site_name":"Compet-Team GmbH","article_publisher":"https:\/\/www.facebook.com\/competteam","article_modified_time":"2025-08-27T12:19:40+00:00","twitter_card":"summary_large_image","twitter_misc":{"Tempo di lettura stimato":"2 minuti"},"schema":{"@context":"https:\/\/schema.org","@graph":[{"@type":"WebPage","@id":"https:\/\/www.compet-team.com\/it\/competenze\/","url":"https:\/\/www.compet-team.com\/it\/competenze\/","name":"LE NOSTRE COMPETENZE - Compet-Team GmbH Compet-Team | Generalunternehmer aus S\u00fcdtirol","isPartOf":{"@id":"https:\/\/www.compet-team.com\/it\/#website"},"datePublished":"2025-01-14T17:15:20+00:00","dateModified":"2025-08-27T12:19:40+00:00","description":"Compet-Team GmbH mit Sitz in Plaus, S\u00fcdtirol: Generalunternehmer f\u00fcr Planung und Bau schl\u00fcsselfertiger Projekte in Tourismus, B\u00fcro, Gesch\u00e4ft und Privat. Pers\u00f6nlich & zuverl\u00e4ssig.","breadcrumb":{"@id":"https:\/\/www.compet-team.com\/it\/competenze\/#breadcrumb"},"inLanguage":"it-IT","potentialAction":[{"@type":"ReadAction","target":["https:\/\/www.compet-team.com\/it\/competenze\/"]}]},{"@type":"BreadcrumbList","@id":"https:\/\/www.compet-team.com\/it\/competenze\/#breadcrumb","itemListElement":[{"@type":"ListItem","position":1,"name":"Startseite","item":"https:\/\/www.compet-team.com\/it\/homepage\/"},{"@type":"ListItem","position":2,"name":"LE NOSTRE COMPETENZE"}]},{"@type":"WebSite","@id":"https:\/\/www.compet-team.com\/it\/#website","url":"https:\/\/www.compet-team.com\/it\/","name":"Compet-Team GmbH","description":"","publisher":{"@id":"https:\/\/www.compet-team.com\/it\/#organization"},"potentialAction":[{"@type":"SearchAction","target":{"@type":"EntryPoint","urlTemplate":"https:\/\/www.compet-team.com\/it\/?s={search_term_string}"},"query-input":{"@type":"PropertyValueSpecification","valueRequired":true,"valueName":"search_term_string"}}],"inLanguage":"it-IT"},{"@type":"Organization","@id":"https:\/\/www.compet-team.com\/it\/#organization","name":"Compet-Team GmbH","alternateName":"Compet-Team","url":"https:\/\/www.compet-team.com\/it\/","logo":{"@type":"ImageObject","inLanguage":"it-IT","@id":"https:\/\/www.compet-team.com\/it\/#\/schema\/logo\/image\/","url":"https:\/\/www.compet-team.com\/wp-content\/uploads\/2025\/01\/compet-team.png","contentUrl":"https:\/\/www.compet-team.com\/wp-content\/uploads\/2025\/01\/compet-team.png","width":728,"height":285,"caption":"Compet-Team GmbH"},"image":{"@id":"https:\/\/www.compet-team.com\/it\/#\/schema\/logo\/image\/"},"sameAs":["https:\/\/www.facebook.com\/competteam","https:\/\/www.instagram.com\/compet.team\/","https:\/\/it.linkedin.com\/company\/competteam"]}]}},"_links":{"self":[{"href":"https:\/\/www.compet-team.com\/it\/wp-json\/wp\/v2\/pages\/3981","targetHints":{"allow":["GET"]}}],"collection":[{"href":"https:\/\/www.compet-team.com\/it\/wp-json\/wp\/v2\/pages"}],"about":[{"href":"https:\/\/www.compet-team.com\/it\/wp-json\/wp\/v2\/types\/page"}],"author":[{"embeddable":true,"href":"https:\/\/www.compet-team.com\/it\/wp-json\/wp\/v2\/users\/1"}],"replies":[{"embeddable":true,"href":"https:\/\/www.compet-team.com\/it\/wp-json\/wp\/v2\/comments?post=3981"}],"version-history":[{"count":7,"href":"https:\/\/www.compet-team.com\/it\/wp-json\/wp\/v2\/pages\/3981\/revisions"}],"predecessor-version":[{"id":4461,"href":"https:\/\/www.compet-team.com\/it\/wp-json\/wp\/v2\/pages\/3981\/revisions\/4461"}],"wp:attachment":[{"href":"https:\/\/www.compet-team.com\/it\/wp-json\/wp\/v2\/media?parent=3981"}],"curies":[{"name":"wp","href":"https:\/\/api.w.org\/{rel}","templated":true}]}}