{"id":3985,"date":"2023-01-02T07:14:21","date_gmt":"2023-01-02T06:14:21","guid":{"rendered":"https:\/\/p-sz6c07.project.space\/team\/"},"modified":"2026-02-05T08:44:42","modified_gmt":"2026-02-05T07:44:42","slug":"team","status":"publish","type":"page","link":"https:\/\/www.compet-team.com\/it\/team\/","title":{"rendered":"Il Team"},"content":{"rendered":"\n<div class=\"wp-block-harington-gutenberg-container content-row light-section full row_padding_top row_padding_left row_padding_right\" data-bgcolor=\"#eeeeee\" style=\"text-align:left\">\n<div class=\"wp-block-columns is-layout-flex wp-container-core-columns-is-layout-9d6595d7 wp-block-columns-is-layout-flex\">\n<div class=\"wp-block-column is-layout-flow wp-block-column-is-layout-flow\" style=\"flex-basis:33.33%\">\n<p><\/p>\n<\/div>\n\n\n\n<div class=\"wp-block-column is-layout-flow wp-block-column-is-layout-flow\" style=\"flex-basis:66.66%\">\n<h4 class=\"wp-block-heading has-mask\">Compet-Team \u00e8 un General Contractor altoatesino con sede a Plaus.<\/h4>\n\n\n\n<p><\/p>\n\n\n\n<p class=\"has-medium-font-size\">Con oltre 20 anni di esperienza nel settore delle costruzioni e dell\u2019arredamento disponiamo del know-how necessario per realizzare con successo i vostri progetti nei settori delle strutture turistiche, del retail, degli uffici e contract nonch\u00e9 di esclusive residenze private.<\/p>\n\n\n\n<p class=\"has-medium-font-size\">Grazie alla nostra solida rete di collaboratori e fornitori possiamo contare su servizi e materiali di alta qualit\u00e0. Con una gestione dei progetti mirata e una comunicazione trasparente riduciamo al minimo incomprensioni ed errori, ottimizziamo i processi, rispettiamo le scadenze e utilizziamo le risorse in modo efficiente. <\/p>\n<\/div>\n<\/div>\n<\/div>\n\n\n\n<div class=\"wp-block-harington-gutenberg-container content-row light-section full\" data-bgcolor=\"#eeeeee\" style=\"text-align:left\">\n<div id=\"team-panels\" class=\"wp-block-harington-gutenberg-team-members-scrolling-panels panels\"><div class=\"panels-container\">\n<div class=\"panel\"><div class=\"panel-content-wrapper\"><div class=\"panel-image\"><img decoding=\"async\" src=\"https:\/\/www.compet-team.com\/wp-content\/uploads\/2025\/07\/Michael-1.jpg\" alt=\"Team Member Image\"><\/div><div class=\"panel-content\"><div class=\"team-name-panel\">Michael Hanny<\/div><div class=\"team-cat-panel\">Gesch\u00e4ftsf\u00fchrender Gesellschafter<\/div><\/div><\/div><\/div>\n\n\n\n<div class=\"panel\"><div class=\"panel-content-wrapper\"><div class=\"panel-image\"><img decoding=\"async\" src=\"https:\/\/www.compet-team.com\/wp-content\/uploads\/2025\/07\/Gerd.jpg\" alt=\"Team Member Image\"><\/div><div class=\"panel-content\"><div class=\"team-name-panel\">Gerd Christanell<\/div><div class=\"team-cat-panel\">Gesch\u00e4ftsf\u00fchrender Gesellschafter<\/div><\/div><\/div><\/div>\n\n\n\n<div class=\"panel\"><div class=\"panel-content-wrapper\"><div class=\"panel-image\"><img decoding=\"async\" src=\"https:\/\/www.compet-team.com\/wp-content\/uploads\/2025\/07\/Sabrina.jpg\" alt=\"Team Member Image\"><\/div><div class=\"panel-content\"><div class=\"team-name-panel\">Sabrina Pattis<\/div><div class=\"team-cat-panel\">Interior Design<\/div><\/div><\/div><\/div>\n\n\n\n<div class=\"panel\"><div class=\"panel-content-wrapper\"><div class=\"panel-image\"><img decoding=\"async\" src=\"https:\/\/www.compet-team.com\/wp-content\/uploads\/2025\/07\/Nadia.jpg\" alt=\"Team Member Image\"><\/div><div class=\"panel-content\"><div class=\"team-name-panel\">Nadia Windegger<\/div><div class=\"team-cat-panel\">Interior Design<\/div><\/div><\/div><\/div>\n\n\n\n<div class=\"panel\"><div class=\"panel-content-wrapper\"><div class=\"panel-image\"><img decoding=\"async\" src=\"https:\/\/www.compet-team.com\/wp-content\/uploads\/2026\/02\/IMG_1769-2-scaled-e1770277200561.png\" alt=\"Team Member Image\"><\/div><div class=\"panel-content\"><div class=\"team-name-panel\">Julia Klotz<\/div><div class=\"team-cat-panel\">Interior Design<\/div><\/div><\/div><\/div>\n\n\n\n<div class=\"panel\"><div class=\"panel-content-wrapper\"><div class=\"panel-image\"><img decoding=\"async\" src=\"https:\/\/www.compet-team.com\/wp-content\/uploads\/2025\/07\/Daniel.jpg\" alt=\"Team Member Image\"><\/div><div class=\"panel-content\"><div class=\"team-name-panel\">Daniel Freund<\/div><div class=\"team-cat-panel\">Projektleitung<\/div><\/div><\/div><\/div>\n\n\n\n<div class=\"panel\"><div class=\"panel-content-wrapper\"><div class=\"panel-image\"><img decoding=\"async\" src=\"https:\/\/www.compet-team.com\/wp-content\/uploads\/2025\/07\/Manfred.jpg\" alt=\"Team Member Image\"><\/div><div class=\"panel-content\"><div class=\"team-name-panel\">Manfred Windegger<\/div><div class=\"team-cat-panel\">Projektleitung<\/div><\/div><\/div><\/div>\n\n\n\n<div class=\"panel\"><div class=\"panel-content-wrapper\"><div class=\"panel-image\"><img decoding=\"async\" src=\"https:\/\/www.compet-team.com\/wp-content\/uploads\/2025\/07\/Birgit.jpg\" alt=\"Team Member Image\"><\/div><div class=\"panel-content\"><div class=\"team-name-panel\">Birgit Maier<\/div><div class=\"team-cat-panel\">Verwaltung, Technische Assistenz<\/div><\/div><\/div><\/div>\n\n\n\n<div class=\"panel\"><div class=\"panel-content-wrapper\"><div class=\"panel-image\"><img decoding=\"async\" src=\"https:\/\/www.compet-team.com\/wp-content\/uploads\/2025\/07\/Doris.jpg\" alt=\"Team Member Image\"><\/div><div class=\"panel-content\"><div class=\"team-name-panel\">Doris Pircher Hanny<\/div><div class=\"team-cat-panel\">Verwaltung, Rechnungswesen<\/div><\/div><\/div><\/div>\n<\/div><\/div>\n<\/div>\n\n\n\n<div class=\"wp-block-harington-gutenberg-container content-row light-section full row_padding_bottom row_padding_left row_padding_right\" data-bgcolor=\"#eeeeee\" style=\"text-align:left\">\n<hr class=\"animated-line has-animation\"\/>\n\n\n\n<div class=\"wp-block-columns is-layout-flex wp-container-core-columns-is-layout-9d6595d7 wp-block-columns-is-layout-flex\">\n<div class=\"wp-block-column is-layout-flow wp-block-column-is-layout-flow\" style=\"flex-basis:33.33%\">\n<h6 class=\"wp-block-heading has-mask\">\/ 02<\/h6>\n<\/div>\n\n\n\n<div class=\"wp-block-column has-mask is-layout-flow wp-block-column-is-layout-flow\" style=\"flex-basis:66.66%\">\n<h6 class=\"wp-block-heading has-mask\">\/ Infos &amp; Facts<\/h6>\n<\/div>\n<\/div>\n\n\n\n<hr\/><hr\/>\n\n\n\n<div class=\"wp-block-columns is-layout-flex wp-container-core-columns-is-layout-9d6595d7 wp-block-columns-is-layout-flex\">\n<div class=\"wp-block-column is-layout-flow wp-block-column-is-layout-flow\">\n<h3 class=\"wp-block-heading has-mask no-margins\">Team <br>&amp; Work<\/h3>\n<\/div>\n\n\n\n<div class=\"wp-block-column is-layout-flow wp-block-column-is-layout-flow\">\n<h1 class=\"wp-block-heading has-mask-fill\">97<\/h1>\n\n\n\n<hr class=\"animated-line has-animation\"\/>\n\n\n\n<h6 class=\"wp-block-heading has-mask\">progetti conclusi con successo<\/h6>\n\n\n\n<hr\/><hr\/><hr\/>\n\n\n\n<h1 class=\"wp-block-heading has-mask-fill\">158<\/h1>\n\n\n\n<hr class=\"animated-line has-animation\"\/>\n\n\n\n<h6 class=\"wp-block-heading has-mask\">avvincenti giochi di freccette<br>\u2013 per migliorare la precisione<\/h6>\n<\/div>\n\n\n\n<div class=\"wp-block-column is-layout-flow wp-block-column-is-layout-flow\">\n<h1 class=\"wp-block-heading has-mask-fill\">14.690<\/h1>\n\n\n\n<hr class=\"animated-line has-animation\"\/>\n\n\n\n<h6 class=\"wp-block-heading has-mask\">km percorsi in bicicletta per recarci in ufficio<\/h6>\n\n\n\n<hr\/><hr\/><hr\/>\n\n\n\n<h1 class=\"wp-block-heading has-mask-fill\">18<\/h1>\n\n\n\n<hr class=\"animated-line has-animation\"\/>\n\n\n\n<h6 class=\"wp-block-heading has-mask\">serate TeamBuilding dopolavoro con Speck, afumelli ecc. <\/h6>\n<\/div>\n<\/div>\n<\/div>\n","protected":false},"excerpt":{"rendered":"","protected":false},"author":1,"featured_media":0,"parent":0,"menu_order":0,"comment_status":"closed","ping_status":"closed","template":"","meta":{"footnotes":""},"class_list":["post-3985","page","type-page","status-publish","hentry"],"yoast_head":"<!-- This site is optimized with the Yoast SEO plugin v25.8 - https:\/\/yoast.com\/wordpress\/plugins\/seo\/ -->\n<title>Il Team - Compet-Team GmbH Compet-Team | Generalunternehmer aus S\u00fcdtirol<\/title>\n<meta name=\"description\" content=\"Compet-Team GmbH mit Sitz in Plaus, S\u00fcdtirol: Generalunternehmer f\u00fcr Planung und Bau schl\u00fcsselfertiger Projekte in Tourismus, B\u00fcro, Gesch\u00e4ft und Privat. Pers\u00f6nlich &amp; zuverl\u00e4ssig.\" \/>\n<meta name=\"robots\" content=\"index, follow, max-snippet:-1, max-image-preview:large, max-video-preview:-1\" \/>\n<link rel=\"canonical\" href=\"https:\/\/www.compet-team.com\/it\/team\/\" \/>\n<meta property=\"og:locale\" content=\"it_IT\" \/>\n<meta property=\"og:type\" content=\"article\" \/>\n<meta property=\"og:title\" content=\"Il Team - Compet-Team GmbH Compet-Team | Generalunternehmer aus S\u00fcdtirol\" \/>\n<meta property=\"og:description\" content=\"Compet-Team GmbH mit Sitz in Plaus, S\u00fcdtirol: Generalunternehmer f\u00fcr Planung und Bau schl\u00fcsselfertiger Projekte in Tourismus, B\u00fcro, Gesch\u00e4ft und Privat. Pers\u00f6nlich &amp; zuverl\u00e4ssig.\" \/>\n<meta property=\"og:url\" content=\"https:\/\/www.compet-team.com\/it\/team\/\" \/>\n<meta property=\"og:site_name\" content=\"Compet-Team GmbH\" \/>\n<meta property=\"article:publisher\" content=\"https:\/\/www.facebook.com\/competteam\" \/>\n<meta property=\"article:modified_time\" content=\"2026-02-05T07:44:42+00:00\" \/>\n<meta name=\"twitter:card\" content=\"summary_large_image\" \/>\n<meta name=\"twitter:label1\" content=\"Tempo di lettura stimato\" \/>\n\t<meta name=\"twitter:data1\" content=\"2 minuti\" \/>\n<script type=\"application\/ld+json\" class=\"yoast-schema-graph\">{\"@context\":\"https:\/\/schema.org\",\"@graph\":[{\"@type\":\"WebPage\",\"@id\":\"https:\/\/www.compet-team.com\/it\/team\/\",\"url\":\"https:\/\/www.compet-team.com\/it\/team\/\",\"name\":\"Il Team - Compet-Team GmbH Compet-Team | Generalunternehmer aus S\u00fcdtirol\",\"isPartOf\":{\"@id\":\"https:\/\/www.compet-team.com\/it\/#website\"},\"datePublished\":\"2023-01-02T06:14:21+00:00\",\"dateModified\":\"2026-02-05T07:44:42+00:00\",\"description\":\"Compet-Team GmbH mit Sitz in Plaus, S\u00fcdtirol: Generalunternehmer f\u00fcr Planung und Bau schl\u00fcsselfertiger Projekte in Tourismus, B\u00fcro, Gesch\u00e4ft und Privat. Pers\u00f6nlich & zuverl\u00e4ssig.\",\"breadcrumb\":{\"@id\":\"https:\/\/www.compet-team.com\/it\/team\/#breadcrumb\"},\"inLanguage\":\"it-IT\",\"potentialAction\":[{\"@type\":\"ReadAction\",\"target\":[\"https:\/\/www.compet-team.com\/it\/team\/\"]}]},{\"@type\":\"BreadcrumbList\",\"@id\":\"https:\/\/www.compet-team.com\/it\/team\/#breadcrumb\",\"itemListElement\":[{\"@type\":\"ListItem\",\"position\":1,\"name\":\"Startseite\",\"item\":\"https:\/\/www.compet-team.com\/it\/homepage\/\"},{\"@type\":\"ListItem\",\"position\":2,\"name\":\"Il Team\"}]},{\"@type\":\"WebSite\",\"@id\":\"https:\/\/www.compet-team.com\/it\/#website\",\"url\":\"https:\/\/www.compet-team.com\/it\/\",\"name\":\"Compet-Team GmbH\",\"description\":\"\",\"publisher\":{\"@id\":\"https:\/\/www.compet-team.com\/it\/#organization\"},\"potentialAction\":[{\"@type\":\"SearchAction\",\"target\":{\"@type\":\"EntryPoint\",\"urlTemplate\":\"https:\/\/www.compet-team.com\/it\/?s={search_term_string}\"},\"query-input\":{\"@type\":\"PropertyValueSpecification\",\"valueRequired\":true,\"valueName\":\"search_term_string\"}}],\"inLanguage\":\"it-IT\"},{\"@type\":\"Organization\",\"@id\":\"https:\/\/www.compet-team.com\/it\/#organization\",\"name\":\"Compet-Team GmbH\",\"alternateName\":\"Compet-Team\",\"url\":\"https:\/\/www.compet-team.com\/it\/\",\"logo\":{\"@type\":\"ImageObject\",\"inLanguage\":\"it-IT\",\"@id\":\"https:\/\/www.compet-team.com\/it\/#\/schema\/logo\/image\/\",\"url\":\"https:\/\/www.compet-team.com\/wp-content\/uploads\/2025\/01\/compet-team.png\",\"contentUrl\":\"https:\/\/www.compet-team.com\/wp-content\/uploads\/2025\/01\/compet-team.png\",\"width\":728,\"height\":285,\"caption\":\"Compet-Team GmbH\"},\"image\":{\"@id\":\"https:\/\/www.compet-team.com\/it\/#\/schema\/logo\/image\/\"},\"sameAs\":[\"https:\/\/www.facebook.com\/competteam\",\"https:\/\/www.instagram.com\/compet.team\/\",\"https:\/\/it.linkedin.com\/company\/competteam\"]}]}<\/script>\n<!-- \/ Yoast SEO plugin. -->","yoast_head_json":{"title":"Il Team - Compet-Team GmbH Compet-Team | Generalunternehmer aus S\u00fcdtirol","description":"Compet-Team GmbH mit Sitz in Plaus, S\u00fcdtirol: Generalunternehmer f\u00fcr Planung und Bau schl\u00fcsselfertiger Projekte in Tourismus, B\u00fcro, Gesch\u00e4ft und Privat. Pers\u00f6nlich & zuverl\u00e4ssig.","robots":{"index":"index","follow":"follow","max-snippet":"max-snippet:-1","max-image-preview":"max-image-preview:large","max-video-preview":"max-video-preview:-1"},"canonical":"https:\/\/www.compet-team.com\/it\/team\/","og_locale":"it_IT","og_type":"article","og_title":"Il Team - Compet-Team GmbH Compet-Team | Generalunternehmer aus S\u00fcdtirol","og_description":"Compet-Team GmbH mit Sitz in Plaus, S\u00fcdtirol: Generalunternehmer f\u00fcr Planung und Bau schl\u00fcsselfertiger Projekte in Tourismus, B\u00fcro, Gesch\u00e4ft und Privat. Pers\u00f6nlich & zuverl\u00e4ssig.","og_url":"https:\/\/www.compet-team.com\/it\/team\/","og_site_name":"Compet-Team GmbH","article_publisher":"https:\/\/www.facebook.com\/competteam","article_modified_time":"2026-02-05T07:44:42+00:00","twitter_card":"summary_large_image","twitter_misc":{"Tempo di lettura stimato":"2 minuti"},"schema":{"@context":"https:\/\/schema.org","@graph":[{"@type":"WebPage","@id":"https:\/\/www.compet-team.com\/it\/team\/","url":"https:\/\/www.compet-team.com\/it\/team\/","name":"Il Team - Compet-Team GmbH Compet-Team | Generalunternehmer aus S\u00fcdtirol","isPartOf":{"@id":"https:\/\/www.compet-team.com\/it\/#website"},"datePublished":"2023-01-02T06:14:21+00:00","dateModified":"2026-02-05T07:44:42+00:00","description":"Compet-Team GmbH mit Sitz in Plaus, S\u00fcdtirol: Generalunternehmer f\u00fcr Planung und Bau schl\u00fcsselfertiger Projekte in Tourismus, B\u00fcro, Gesch\u00e4ft und Privat. Pers\u00f6nlich & zuverl\u00e4ssig.","breadcrumb":{"@id":"https:\/\/www.compet-team.com\/it\/team\/#breadcrumb"},"inLanguage":"it-IT","potentialAction":[{"@type":"ReadAction","target":["https:\/\/www.compet-team.com\/it\/team\/"]}]},{"@type":"BreadcrumbList","@id":"https:\/\/www.compet-team.com\/it\/team\/#breadcrumb","itemListElement":[{"@type":"ListItem","position":1,"name":"Startseite","item":"https:\/\/www.compet-team.com\/it\/homepage\/"},{"@type":"ListItem","position":2,"name":"Il Team"}]},{"@type":"WebSite","@id":"https:\/\/www.compet-team.com\/it\/#website","url":"https:\/\/www.compet-team.com\/it\/","name":"Compet-Team GmbH","description":"","publisher":{"@id":"https:\/\/www.compet-team.com\/it\/#organization"},"potentialAction":[{"@type":"SearchAction","target":{"@type":"EntryPoint","urlTemplate":"https:\/\/www.compet-team.com\/it\/?s={search_term_string}"},"query-input":{"@type":"PropertyValueSpecification","valueRequired":true,"valueName":"search_term_string"}}],"inLanguage":"it-IT"},{"@type":"Organization","@id":"https:\/\/www.compet-team.com\/it\/#organization","name":"Compet-Team GmbH","alternateName":"Compet-Team","url":"https:\/\/www.compet-team.com\/it\/","logo":{"@type":"ImageObject","inLanguage":"it-IT","@id":"https:\/\/www.compet-team.com\/it\/#\/schema\/logo\/image\/","url":"https:\/\/www.compet-team.com\/wp-content\/uploads\/2025\/01\/compet-team.png","contentUrl":"https:\/\/www.compet-team.com\/wp-content\/uploads\/2025\/01\/compet-team.png","width":728,"height":285,"caption":"Compet-Team GmbH"},"image":{"@id":"https:\/\/www.compet-team.com\/it\/#\/schema\/logo\/image\/"},"sameAs":["https:\/\/www.facebook.com\/competteam","https:\/\/www.instagram.com\/compet.team\/","https:\/\/it.linkedin.com\/company\/competteam"]}]}},"_links":{"self":[{"href":"https:\/\/www.compet-team.com\/it\/wp-json\/wp\/v2\/pages\/3985","targetHints":{"allow":["GET"]}}],"collection":[{"href":"https:\/\/www.compet-team.com\/it\/wp-json\/wp\/v2\/pages"}],"about":[{"href":"https:\/\/www.compet-team.com\/it\/wp-json\/wp\/v2\/types\/page"}],"author":[{"embeddable":true,"href":"https:\/\/www.compet-team.com\/it\/wp-json\/wp\/v2\/users\/1"}],"replies":[{"embeddable":true,"href":"https:\/\/www.compet-team.com\/it\/wp-json\/wp\/v2\/comments?post=3985"}],"version-history":[{"count":18,"href":"https:\/\/www.compet-team.com\/it\/wp-json\/wp\/v2\/pages\/3985\/revisions"}],"predecessor-version":[{"id":4525,"href":"https:\/\/www.compet-team.com\/it\/wp-json\/wp\/v2\/pages\/3985\/revisions\/4525"}],"wp:attachment":[{"href":"https:\/\/www.compet-team.com\/it\/wp-json\/wp\/v2\/media?parent=3985"}],"curies":[{"name":"wp","href":"https:\/\/api.w.org\/{rel}","templated":true}]}}