{"id":3989,"date":"2023-01-02T06:37:27","date_gmt":"2023-01-02T05:37:27","guid":{"rendered":"https:\/\/p-sz6c07.project.space\/progetti\/"},"modified":"2025-08-27T10:56:31","modified_gmt":"2025-08-27T08:56:31","slug":"progetti","status":"publish","type":"page","link":"https:\/\/www.compet-team.com\/it\/progetti\/","title":{"rendered":"PROGETTI"},"content":{"rendered":"","protected":false},"excerpt":{"rendered":"","protected":false},"author":1,"featured_media":0,"parent":0,"menu_order":0,"comment_status":"closed","ping_status":"closed","template":"portfolio-grid-page.php","meta":{"footnotes":""},"class_list":["post-3989","page","type-page","status-publish","hentry"],"yoast_head":"<!-- This site is optimized with the Yoast SEO plugin v25.8 - https:\/\/yoast.com\/wordpress\/plugins\/seo\/ -->\n<title>PROGETTI - Compet-Team GmbH Compet-Team | Generalunternehmer aus S\u00fcdtirol<\/title>\n<meta name=\"description\" content=\"Compet-Team GmbH mit Sitz in Plaus, S\u00fcdtirol: Generalunternehmer f\u00fcr Planung und Bau schl\u00fcsselfertiger Projekte in Tourismus, B\u00fcro, Gesch\u00e4ft und Privat. Pers\u00f6nlich &amp; zuverl\u00e4ssig.\" \/>\n<meta name=\"robots\" content=\"index, follow, max-snippet:-1, max-image-preview:large, max-video-preview:-1\" \/>\n<link rel=\"canonical\" href=\"https:\/\/www.compet-team.com\/it\/progetti\/\" \/>\n<meta property=\"og:locale\" content=\"it_IT\" \/>\n<meta property=\"og:type\" content=\"article\" \/>\n<meta property=\"og:title\" content=\"PROGETTI - Compet-Team GmbH Compet-Team | Generalunternehmer aus S\u00fcdtirol\" \/>\n<meta property=\"og:description\" content=\"Compet-Team GmbH mit Sitz in Plaus, S\u00fcdtirol: Generalunternehmer f\u00fcr Planung und Bau schl\u00fcsselfertiger Projekte in Tourismus, B\u00fcro, Gesch\u00e4ft und Privat. Pers\u00f6nlich &amp; zuverl\u00e4ssig.\" \/>\n<meta property=\"og:url\" content=\"https:\/\/www.compet-team.com\/it\/progetti\/\" \/>\n<meta property=\"og:site_name\" content=\"Compet-Team GmbH\" \/>\n<meta property=\"article:publisher\" content=\"https:\/\/www.facebook.com\/competteam\" \/>\n<meta property=\"article:modified_time\" content=\"2025-08-27T08:56:31+00:00\" \/>\n<meta name=\"twitter:card\" content=\"summary_large_image\" \/>\n<script type=\"application\/ld+json\" class=\"yoast-schema-graph\">{\"@context\":\"https:\/\/schema.org\",\"@graph\":[{\"@type\":\"WebPage\",\"@id\":\"https:\/\/www.compet-team.com\/it\/progetti\/\",\"url\":\"https:\/\/www.compet-team.com\/it\/progetti\/\",\"name\":\"PROGETTI - Compet-Team GmbH Compet-Team | Generalunternehmer aus S\u00fcdtirol\",\"isPartOf\":{\"@id\":\"https:\/\/www.compet-team.com\/it\/#website\"},\"datePublished\":\"2023-01-02T05:37:27+00:00\",\"dateModified\":\"2025-08-27T08:56:31+00:00\",\"description\":\"Compet-Team GmbH mit Sitz in Plaus, S\u00fcdtirol: Generalunternehmer f\u00fcr Planung und Bau schl\u00fcsselfertiger Projekte in Tourismus, B\u00fcro, Gesch\u00e4ft und Privat. Pers\u00f6nlich & zuverl\u00e4ssig.\",\"breadcrumb\":{\"@id\":\"https:\/\/www.compet-team.com\/it\/progetti\/#breadcrumb\"},\"inLanguage\":\"it-IT\",\"potentialAction\":[{\"@type\":\"ReadAction\",\"target\":[\"https:\/\/www.compet-team.com\/it\/progetti\/\"]}]},{\"@type\":\"BreadcrumbList\",\"@id\":\"https:\/\/www.compet-team.com\/it\/progetti\/#breadcrumb\",\"itemListElement\":[{\"@type\":\"ListItem\",\"position\":1,\"name\":\"Startseite\",\"item\":\"https:\/\/www.compet-team.com\/it\/homepage\/\"},{\"@type\":\"ListItem\",\"position\":2,\"name\":\"PROGETTI\"}]},{\"@type\":\"WebSite\",\"@id\":\"https:\/\/www.compet-team.com\/it\/#website\",\"url\":\"https:\/\/www.compet-team.com\/it\/\",\"name\":\"Compet-Team GmbH\",\"description\":\"\",\"publisher\":{\"@id\":\"https:\/\/www.compet-team.com\/it\/#organization\"},\"potentialAction\":[{\"@type\":\"SearchAction\",\"target\":{\"@type\":\"EntryPoint\",\"urlTemplate\":\"https:\/\/www.compet-team.com\/it\/?s={search_term_string}\"},\"query-input\":{\"@type\":\"PropertyValueSpecification\",\"valueRequired\":true,\"valueName\":\"search_term_string\"}}],\"inLanguage\":\"it-IT\"},{\"@type\":\"Organization\",\"@id\":\"https:\/\/www.compet-team.com\/it\/#organization\",\"name\":\"Compet-Team GmbH\",\"alternateName\":\"Compet-Team\",\"url\":\"https:\/\/www.compet-team.com\/it\/\",\"logo\":{\"@type\":\"ImageObject\",\"inLanguage\":\"it-IT\",\"@id\":\"https:\/\/www.compet-team.com\/it\/#\/schema\/logo\/image\/\",\"url\":\"https:\/\/www.compet-team.com\/wp-content\/uploads\/2025\/01\/compet-team.png\",\"contentUrl\":\"https:\/\/www.compet-team.com\/wp-content\/uploads\/2025\/01\/compet-team.png\",\"width\":728,\"height\":285,\"caption\":\"Compet-Team GmbH\"},\"image\":{\"@id\":\"https:\/\/www.compet-team.com\/it\/#\/schema\/logo\/image\/\"},\"sameAs\":[\"https:\/\/www.facebook.com\/competteam\",\"https:\/\/www.instagram.com\/compet.team\/\",\"https:\/\/it.linkedin.com\/company\/competteam\"]}]}<\/script>\n<!-- \/ Yoast SEO plugin. -->","yoast_head_json":{"title":"PROGETTI - Compet-Team GmbH Compet-Team | Generalunternehmer aus S\u00fcdtirol","description":"Compet-Team GmbH mit Sitz in Plaus, S\u00fcdtirol: Generalunternehmer f\u00fcr Planung und Bau schl\u00fcsselfertiger Projekte in Tourismus, B\u00fcro, Gesch\u00e4ft und Privat. Pers\u00f6nlich & zuverl\u00e4ssig.","robots":{"index":"index","follow":"follow","max-snippet":"max-snippet:-1","max-image-preview":"max-image-preview:large","max-video-preview":"max-video-preview:-1"},"canonical":"https:\/\/www.compet-team.com\/it\/progetti\/","og_locale":"it_IT","og_type":"article","og_title":"PROGETTI - Compet-Team GmbH Compet-Team | Generalunternehmer aus S\u00fcdtirol","og_description":"Compet-Team GmbH mit Sitz in Plaus, S\u00fcdtirol: Generalunternehmer f\u00fcr Planung und Bau schl\u00fcsselfertiger Projekte in Tourismus, B\u00fcro, Gesch\u00e4ft und Privat. Pers\u00f6nlich & zuverl\u00e4ssig.","og_url":"https:\/\/www.compet-team.com\/it\/progetti\/","og_site_name":"Compet-Team GmbH","article_publisher":"https:\/\/www.facebook.com\/competteam","article_modified_time":"2025-08-27T08:56:31+00:00","twitter_card":"summary_large_image","schema":{"@context":"https:\/\/schema.org","@graph":[{"@type":"WebPage","@id":"https:\/\/www.compet-team.com\/it\/progetti\/","url":"https:\/\/www.compet-team.com\/it\/progetti\/","name":"PROGETTI - Compet-Team GmbH Compet-Team | Generalunternehmer aus S\u00fcdtirol","isPartOf":{"@id":"https:\/\/www.compet-team.com\/it\/#website"},"datePublished":"2023-01-02T05:37:27+00:00","dateModified":"2025-08-27T08:56:31+00:00","description":"Compet-Team GmbH mit Sitz in Plaus, S\u00fcdtirol: Generalunternehmer f\u00fcr Planung und Bau schl\u00fcsselfertiger Projekte in Tourismus, B\u00fcro, Gesch\u00e4ft und Privat. Pers\u00f6nlich & zuverl\u00e4ssig.","breadcrumb":{"@id":"https:\/\/www.compet-team.com\/it\/progetti\/#breadcrumb"},"inLanguage":"it-IT","potentialAction":[{"@type":"ReadAction","target":["https:\/\/www.compet-team.com\/it\/progetti\/"]}]},{"@type":"BreadcrumbList","@id":"https:\/\/www.compet-team.com\/it\/progetti\/#breadcrumb","itemListElement":[{"@type":"ListItem","position":1,"name":"Startseite","item":"https:\/\/www.compet-team.com\/it\/homepage\/"},{"@type":"ListItem","position":2,"name":"PROGETTI"}]},{"@type":"WebSite","@id":"https:\/\/www.compet-team.com\/it\/#website","url":"https:\/\/www.compet-team.com\/it\/","name":"Compet-Team GmbH","description":"","publisher":{"@id":"https:\/\/www.compet-team.com\/it\/#organization"},"potentialAction":[{"@type":"SearchAction","target":{"@type":"EntryPoint","urlTemplate":"https:\/\/www.compet-team.com\/it\/?s={search_term_string}"},"query-input":{"@type":"PropertyValueSpecification","valueRequired":true,"valueName":"search_term_string"}}],"inLanguage":"it-IT"},{"@type":"Organization","@id":"https:\/\/www.compet-team.com\/it\/#organization","name":"Compet-Team GmbH","alternateName":"Compet-Team","url":"https:\/\/www.compet-team.com\/it\/","logo":{"@type":"ImageObject","inLanguage":"it-IT","@id":"https:\/\/www.compet-team.com\/it\/#\/schema\/logo\/image\/","url":"https:\/\/www.compet-team.com\/wp-content\/uploads\/2025\/01\/compet-team.png","contentUrl":"https:\/\/www.compet-team.com\/wp-content\/uploads\/2025\/01\/compet-team.png","width":728,"height":285,"caption":"Compet-Team GmbH"},"image":{"@id":"https:\/\/www.compet-team.com\/it\/#\/schema\/logo\/image\/"},"sameAs":["https:\/\/www.facebook.com\/competteam","https:\/\/www.instagram.com\/compet.team\/","https:\/\/it.linkedin.com\/company\/competteam"]}]}},"_links":{"self":[{"href":"https:\/\/www.compet-team.com\/it\/wp-json\/wp\/v2\/pages\/3989","targetHints":{"allow":["GET"]}}],"collection":[{"href":"https:\/\/www.compet-team.com\/it\/wp-json\/wp\/v2\/pages"}],"about":[{"href":"https:\/\/www.compet-team.com\/it\/wp-json\/wp\/v2\/types\/page"}],"author":[{"embeddable":true,"href":"https:\/\/www.compet-team.com\/it\/wp-json\/wp\/v2\/users\/1"}],"replies":[{"embeddable":true,"href":"https:\/\/www.compet-team.com\/it\/wp-json\/wp\/v2\/comments?post=3989"}],"version-history":[{"count":1,"href":"https:\/\/www.compet-team.com\/it\/wp-json\/wp\/v2\/pages\/3989\/revisions"}],"predecessor-version":[{"id":4454,"href":"https:\/\/www.compet-team.com\/it\/wp-json\/wp\/v2\/pages\/3989\/revisions\/4454"}],"wp:attachment":[{"href":"https:\/\/www.compet-team.com\/it\/wp-json\/wp\/v2\/media?parent=3989"}],"curies":[{"name":"wp","href":"https:\/\/api.w.org\/{rel}","templated":true}]}}